{"id":6690,"date":"2021-02-21T13:34:29","date_gmt":"2021-05-23T11:35:11","guid":{"rendered":"https:\/\/erbeticino.ch\/prodotto\/mit-aromatische-kraeuter-und-blumen\/"},"modified":"2024-12-02T23:01:05","modified_gmt":"2024-12-02T22:01:05","slug":"kristallsalz-mit-aromatische-krauter-und-blumen","status":"publish","type":"product","link":"https:\/\/erbeticino.ch\/de\/kristallsalz-mit-aromatische-krauter-und-blumen\/","title":{"rendered":"Mit aromatische Kr\u00e4uter und Blumen"},"content":{"rendered":"<p><strong>Mit Thymian, Salbei, Rosmarin und Melisse<\/strong><\/p>\n<p>Das aromatisierte Salz ist ein gebrauchsfertiger Geschmacksverst\u00e4rker f\u00fcr Gerichte. Insbesondere ist es eine Mischung aus Salz, aromatischen Kr\u00e4utern und essbaren Blumen.<\/p>\n","protected":false},"excerpt":{"rendered":"<p>Eine Mischung aus Salz, aromatischen Kr\u00e4utern und essbaren Blumen.<\/p>\n","protected":false},"featured_media":7041,"comment_status":"closed","ping_status":"closed","template":"","meta":[],"product_brand":[],"product_cat":[114],"product_tag":[160,111,150,112,157,149],"class_list":{"0":"post-6690","1":"product","2":"type-product","3":"status-publish","4":"has-post-thumbnail","6":"product_cat-aromen-und-salz","7":"product_tag-kristallsalz","8":"product_tag-melisse","9":"product_tag-rosmarin","10":"product_tag-salbei","11":"product_tag-salz","12":"product_tag-thymian","14":"first","15":"instock","16":"taxable","17":"shipping-taxable","18":"purchasable","19":"product-type-simple"},"_links":{"self":[{"href":"https:\/\/erbeticino.ch\/de\/wp-json\/wp\/v2\/product\/6690","targetHints":{"allow":["GET"]}}],"collection":[{"href":"https:\/\/erbeticino.ch\/de\/wp-json\/wp\/v2\/product"}],"about":[{"href":"https:\/\/erbeticino.ch\/de\/wp-json\/wp\/v2\/types\/product"}],"replies":[{"embeddable":true,"href":"https:\/\/erbeticino.ch\/de\/wp-json\/wp\/v2\/comments?post=6690"}],"wp:featuredmedia":[{"embeddable":true,"href":"https:\/\/erbeticino.ch\/de\/wp-json\/wp\/v2\/media\/7041"}],"wp:attachment":[{"href":"https:\/\/erbeticino.ch\/de\/wp-json\/wp\/v2\/media?parent=6690"}],"wp:term":[{"taxonomy":"product_brand","embeddable":true,"href":"https:\/\/erbeticino.ch\/de\/wp-json\/wp\/v2\/product_brand?post=6690"},{"taxonomy":"product_cat","embeddable":true,"href":"https:\/\/erbeticino.ch\/de\/wp-json\/wp\/v2\/product_cat?post=6690"},{"taxonomy":"product_tag","embeddable":true,"href":"https:\/\/erbeticino.ch\/de\/wp-json\/wp\/v2\/product_tag?post=6690"}],"curies":[{"name":"wp","href":"https:\/\/api.w.org\/{rel}","templated":true}]}}