{"id":6696,"date":"2021-02-21T13:22:26","date_gmt":"2021-05-23T11:52:31","guid":{"rendered":"https:\/\/erbeticino.ch\/prodotto\/enzian-bonbons\/"},"modified":"2021-12-03T16:50:01","modified_gmt":"2021-12-03T15:50:01","slug":"enzian-bonbons","status":"publish","type":"product","link":"https:\/\/erbeticino.ch\/de\/enzian-bonbons\/","title":{"rendered":"Enzian Bonbons"},"content":{"rendered":"<p><strong> Mit Schafgarbe und Salbei<\/strong><\/p>\n<p>Ein nat\u00fcrlicher und verdauungsf\u00f6rdernder Bonbon aus den Wurzeln der Alpenpflanze des Enzian Lutea mit einem zart bitteren und aromatischen Geschmack.<\/p>\n<p>Die Kr\u00e4uter f\u00fcr diese leckeren Bonbons stammen aus dem Kanton Tessin, der gem\u00e4\u00df der nat\u00fcrlichen Landwirtschaft angebaut wird.<\/p>\n","protected":false},"excerpt":{"rendered":"<p>Die Kr\u00e4uter f\u00fcr diese leckeren Bonbons stammen aus kontrollierten Anbaue in der Schweiz nach dem Diktat der nat\u00fcrlichen Landwirtschaft.<\/p>\n","protected":false},"featured_media":2909,"comment_status":"open","ping_status":"closed","template":"","meta":[],"product_brand":[],"product_cat":[163],"product_tag":[164,112,165],"class_list":{"0":"post-6696","1":"product","2":"type-product","3":"status-publish","4":"has-post-thumbnail","6":"product_cat-bonbons","7":"product_tag-bonbons","8":"product_tag-salbei","9":"product_tag-schafgarbe","11":"first","12":"outofstock","13":"taxable","14":"shipping-taxable","15":"purchasable","16":"product-type-simple"},"_links":{"self":[{"href":"https:\/\/erbeticino.ch\/de\/wp-json\/wp\/v2\/product\/6696","targetHints":{"allow":["GET"]}}],"collection":[{"href":"https:\/\/erbeticino.ch\/de\/wp-json\/wp\/v2\/product"}],"about":[{"href":"https:\/\/erbeticino.ch\/de\/wp-json\/wp\/v2\/types\/product"}],"replies":[{"embeddable":true,"href":"https:\/\/erbeticino.ch\/de\/wp-json\/wp\/v2\/comments?post=6696"}],"wp:featuredmedia":[{"embeddable":true,"href":"https:\/\/erbeticino.ch\/de\/wp-json\/wp\/v2\/media\/2909"}],"wp:attachment":[{"href":"https:\/\/erbeticino.ch\/de\/wp-json\/wp\/v2\/media?parent=6696"}],"wp:term":[{"taxonomy":"product_brand","embeddable":true,"href":"https:\/\/erbeticino.ch\/de\/wp-json\/wp\/v2\/product_brand?post=6696"},{"taxonomy":"product_cat","embeddable":true,"href":"https:\/\/erbeticino.ch\/de\/wp-json\/wp\/v2\/product_cat?post=6696"},{"taxonomy":"product_tag","embeddable":true,"href":"https:\/\/erbeticino.ch\/de\/wp-json\/wp\/v2\/product_tag?post=6696"}],"curies":[{"name":"wp","href":"https:\/\/api.w.org\/{rel}","templated":true}]}}