{"id":6702,"date":"2021-02-21T13:15:48","date_gmt":"2021-02-21T12:15:48","guid":{"rendered":"https:\/\/erbeticino.ch\/prodotto\/tisana-olivone-pet-50cl\/"},"modified":"2021-12-03T16:49:55","modified_gmt":"2021-12-03T15:49:55","slug":"tisana-olivone-con-melissa-lippia-menta-e-salvia-50cl","status":"publish","type":"product","link":"https:\/\/erbeticino.ch\/de\/tisana-olivone-con-melissa-lippia-menta-e-salvia-50cl\/","title":{"rendered":"Tisana Olivone &#8211; PET &#8211; 50cl"},"content":{"rendered":"<p><strong>Mit Melisse, Lippia, Minze und Salbei<\/strong><\/p>\n<p>Praktische 50-cl-PET-Flasche, um immer ein gesundes, verdauungsf\u00f6rderndes, erfrischendes, nat\u00fcrliches und biologisches Getr\u00e4nk mitzunehmen. Hergestellt aus Kr\u00e4utern, die nach traditionellen Methoden angebaut, geerntet und getrocknet werden, um die \u00e4therischen \u00d6le, das Aroma und den Geschmack der Pflanze frisch zu erhalten.<\/p>\n","protected":false},"excerpt":{"rendered":"<p>Verdauungsf\u00f6rdernder und erfrischender Kr\u00e4utertee, angenehm kalt getrunken mit einer Zitronenscheibe und Eisw\u00fcrfel.<\/p>\n","protected":false},"featured_media":2900,"comment_status":"closed","ping_status":"closed","template":"","meta":[],"product_brand":[],"product_cat":[106],"product_tag":[107,108,113,111,110,112],"class_list":{"0":"post-6702","1":"product","2":"type-product","3":"status-publish","4":"has-post-thumbnail","6":"product_cat-getranke","7":"product_tag-krautertee","8":"product_tag-krautertees","9":"product_tag-lippia-de","10":"product_tag-melisse","11":"product_tag-minze","12":"product_tag-salbei","14":"first","15":"instock","16":"taxable","17":"shipping-taxable","18":"purchasable","19":"product-type-simple"},"_links":{"self":[{"href":"https:\/\/erbeticino.ch\/de\/wp-json\/wp\/v2\/product\/6702","targetHints":{"allow":["GET"]}}],"collection":[{"href":"https:\/\/erbeticino.ch\/de\/wp-json\/wp\/v2\/product"}],"about":[{"href":"https:\/\/erbeticino.ch\/de\/wp-json\/wp\/v2\/types\/product"}],"replies":[{"embeddable":true,"href":"https:\/\/erbeticino.ch\/de\/wp-json\/wp\/v2\/comments?post=6702"}],"wp:featuredmedia":[{"embeddable":true,"href":"https:\/\/erbeticino.ch\/de\/wp-json\/wp\/v2\/media\/2900"}],"wp:attachment":[{"href":"https:\/\/erbeticino.ch\/de\/wp-json\/wp\/v2\/media?parent=6702"}],"wp:term":[{"taxonomy":"product_brand","embeddable":true,"href":"https:\/\/erbeticino.ch\/de\/wp-json\/wp\/v2\/product_brand?post=6702"},{"taxonomy":"product_cat","embeddable":true,"href":"https:\/\/erbeticino.ch\/de\/wp-json\/wp\/v2\/product_cat?post=6702"},{"taxonomy":"product_tag","embeddable":true,"href":"https:\/\/erbeticino.ch\/de\/wp-json\/wp\/v2\/product_tag?post=6702"}],"curies":[{"name":"wp","href":"https:\/\/api.w.org\/{rel}","templated":true}]}}