{"id":6704,"date":"2021-02-21T10:54:24","date_gmt":"2021-02-21T09:54:24","guid":{"rendered":"https:\/\/erbeticino.ch\/prodotto\/tisana-dei-ghiacci\/"},"modified":"2021-10-07T13:14:35","modified_gmt":"2021-10-07T11:14:35","slug":"tisana-dei-ghiacci","status":"publish","type":"product","link":"https:\/\/erbeticino.ch\/de\/tisana-dei-ghiacci\/","title":{"rendered":"Tisana dei Ghiacci"},"content":{"rendered":"<p><strong>Mit Thymian, Minze und Melisse<\/strong><\/p>\n<p>Aus den Bio-Pflanzen des Valle di Blenio im Kanton Tessin stammt dieses Bouquet von Alpenkr\u00e4utern f\u00fcr eine traditionelle, wohltuende und balsamische Infusion, um das Wohlbefinden der Verdauung und der Atemwege zu unterst\u00fctzen.<\/p>\n<p>Eine Infusion, die zu jeder Tageszeit genossen werden kann, insbesondere nach den Mahlzeiten.<\/p>\n","protected":false},"excerpt":{"rendered":"<p>Diese Infusion findet ihre gr\u00f6\u00dfte Verwendung, um das Wohlbefinden der Verdauung und der Atemwege zu unterst\u00fctzen.<\/p>\n","protected":false},"featured_media":17699,"comment_status":"closed","ping_status":"closed","template":"","meta":[],"product_brand":[],"product_cat":[390,166],"product_tag":[161,90,107,108,111,110,167,149],"class_list":{"0":"post-6704","1":"product","2":"type-product","3":"status-publish","4":"has-post-thumbnail","6":"product_cat-angebote","7":"product_cat-krautertees","8":"product_tag-beutel","9":"product_tag-filter-de","10":"product_tag-krautertee","11":"product_tag-krautertees","12":"product_tag-melisse","13":"product_tag-minze","14":"product_tag-teebeutel","15":"product_tag-thymian","17":"first","18":"instock","19":"taxable","20":"shipping-taxable","21":"purchasable","22":"product-type-simple"},"_links":{"self":[{"href":"https:\/\/erbeticino.ch\/de\/wp-json\/wp\/v2\/product\/6704","targetHints":{"allow":["GET"]}}],"collection":[{"href":"https:\/\/erbeticino.ch\/de\/wp-json\/wp\/v2\/product"}],"about":[{"href":"https:\/\/erbeticino.ch\/de\/wp-json\/wp\/v2\/types\/product"}],"replies":[{"embeddable":true,"href":"https:\/\/erbeticino.ch\/de\/wp-json\/wp\/v2\/comments?post=6704"}],"wp:featuredmedia":[{"embeddable":true,"href":"https:\/\/erbeticino.ch\/de\/wp-json\/wp\/v2\/media\/17699"}],"wp:attachment":[{"href":"https:\/\/erbeticino.ch\/de\/wp-json\/wp\/v2\/media?parent=6704"}],"wp:term":[{"taxonomy":"product_brand","embeddable":true,"href":"https:\/\/erbeticino.ch\/de\/wp-json\/wp\/v2\/product_brand?post=6704"},{"taxonomy":"product_cat","embeddable":true,"href":"https:\/\/erbeticino.ch\/de\/wp-json\/wp\/v2\/product_cat?post=6704"},{"taxonomy":"product_tag","embeddable":true,"href":"https:\/\/erbeticino.ch\/de\/wp-json\/wp\/v2\/product_tag?post=6704"}],"curies":[{"name":"wp","href":"https:\/\/api.w.org\/{rel}","templated":true}]}}