{"id":6955,"date":"2021-06-02T12:37:30","date_gmt":"2021-06-02T10:37:30","guid":{"rendered":"https:\/\/erbeticino.ch\/prodotto\/tisana-dei-fiori-pet-50cl\/"},"modified":"2022-04-26T13:53:38","modified_gmt":"2022-04-26T11:53:38","slug":"tisana-dei-fiori-pet-50cl","status":"publish","type":"product","link":"https:\/\/erbeticino.ch\/de\/tisana-dei-fiori-pet-50cl\/","title":{"rendered":"Tisana dei Fiori &#8211; PET &#8211; 50cl"},"content":{"rendered":"<p>Ein Bio-Getr\u00e4nk mit einem umh\u00fcllenden Geschmack, der durch die einzigartige Note von Safran und dem Aufguss von Blumen und aromatischen Kr\u00e4utern aus dem Tessin gegeben ist.<\/p>\n","protected":false},"excerpt":{"rendered":"<p>Ein Bio-Getr\u00e4nk mit einem umh\u00fcllenden Geschmack, der durch die einzigartige Note von Safran und dem Aufguss von Blumen und aromatischen Kr\u00e4utern aus dem Tessin gegeben ist.<\/p>\n","protected":false},"featured_media":6996,"comment_status":"closed","ping_status":"closed","template":"","meta":[],"product_brand":[],"product_cat":[106],"product_tag":[153,91,107,284],"class_list":{"0":"post-6955","1":"product","2":"type-product","3":"status-publish","4":"has-post-thumbnail","6":"product_cat-getranke","7":"product_tag-blumen","8":"product_tag-flasche","9":"product_tag-krautertee","10":"product_tag-krautertee-de","12":"first","13":"outofstock","14":"sale","15":"taxable","16":"shipping-taxable","17":"purchasable","18":"product-type-simple"},"_links":{"self":[{"href":"https:\/\/erbeticino.ch\/de\/wp-json\/wp\/v2\/product\/6955","targetHints":{"allow":["GET"]}}],"collection":[{"href":"https:\/\/erbeticino.ch\/de\/wp-json\/wp\/v2\/product"}],"about":[{"href":"https:\/\/erbeticino.ch\/de\/wp-json\/wp\/v2\/types\/product"}],"replies":[{"embeddable":true,"href":"https:\/\/erbeticino.ch\/de\/wp-json\/wp\/v2\/comments?post=6955"}],"wp:featuredmedia":[{"embeddable":true,"href":"https:\/\/erbeticino.ch\/de\/wp-json\/wp\/v2\/media\/6996"}],"wp:attachment":[{"href":"https:\/\/erbeticino.ch\/de\/wp-json\/wp\/v2\/media?parent=6955"}],"wp:term":[{"taxonomy":"product_brand","embeddable":true,"href":"https:\/\/erbeticino.ch\/de\/wp-json\/wp\/v2\/product_brand?post=6955"},{"taxonomy":"product_cat","embeddable":true,"href":"https:\/\/erbeticino.ch\/de\/wp-json\/wp\/v2\/product_cat?post=6955"},{"taxonomy":"product_tag","embeddable":true,"href":"https:\/\/erbeticino.ch\/de\/wp-json\/wp\/v2\/product_tag?post=6955"}],"curies":[{"name":"wp","href":"https:\/\/api.w.org\/{rel}","templated":true}]}}