{"id":7235,"date":"2021-07-15T16:34:29","date_gmt":"2021-07-16T12:35:22","guid":{"rendered":"https:\/\/erbeticino.ch\/erlebnis-erbe-ticino\/"},"modified":"2022-01-14T10:57:59","modified_gmt":"2022-01-14T09:57:59","slug":"erlebnis-erbe-tessin","status":"publish","type":"product","link":"https:\/\/erbeticino.ch\/de\/erlebnis-erbe-tessin\/","title":{"rendered":"Erlebnis Erbe Ticino"},"content":{"rendered":"<p>Entdecken Sie die Welt von Erbe Ticino in dieser Kollektion, die alle unsere Produkte umfasst. Von aromatischen Salzen mit Kr\u00e4utern aus unserer Region bis hin zu scharfen Peperoni zum Aufw\u00e4rmen Ihrer Gerichte und Grillpartys. Olivone hei\u00dfer Kr\u00e4utertee und Tisana dei Ghiacci, Verbena-Kr\u00e4utertee und Relax-Kr\u00e4utertee in loser Sch\u00fcttung. F\u00fcr ein wahrhaft durstl\u00f6schendes Erlebnis haben wir au\u00dferdem unseren Olivone Tisana, Tisana dei Fiori und den brandneuen Olivone 0 Tisana im PET-Format beigef\u00fcgt, um einen Schluck Frische zu entkorken, wann immer Ihnen danach ist.<\/p>\n<p><strong>Enthaltene Produkte:<\/strong> Blumenmischung &#8211; Graues Integralsalz &#8211; Kr\u00e4utermischung &#8211; Salz mit aromatischen Kr\u00e4utern und Blumen &#8211; Ticino Hot Pepper &#8211; Ticino Hot Pepper &#8211; 2 hei\u00dfe Kr\u00e4utertees (Tisana Olivone und Tisana dei Ghiacci) &#8211; 3 Kr\u00e4utertees in PET (Tisana Olivone 50cl + Tisana dei Fiori 50cl + Tisana Olivone 0 50cl) &#8211; Verbena Herbal Tea (Pyramiden) &#8211; Relax Herbal Tea (lose).<\/p>\n","protected":false},"excerpt":{"rendered":"<p>Alle unsere Produkte in einer praktischen Verpackung zum Verschenken oder Beschenktwerden. Aromen, Salze, Chilis, Kr\u00e4utertees, Bonbons und eine Tasche aus 100% Baumwolle.<\/p>\n","protected":false},"featured_media":9732,"comment_status":"open","ping_status":"closed","template":"","meta":[],"product_brand":[],"product_cat":[89],"product_tag":[287,285,284,286],"class_list":{"0":"post-7235","1":"product","2":"type-product","3":"status-publish","4":"has-post-thumbnail","6":"product_cat-geschenkideen","7":"product_tag-aromen","8":"product_tag-collezione-de","9":"product_tag-krautertee-de","10":"product_tag-set-de","12":"first","13":"outofstock","14":"sale","15":"taxable","16":"shipping-taxable","17":"purchasable","18":"product-type-simple"},"_links":{"self":[{"href":"https:\/\/erbeticino.ch\/de\/wp-json\/wp\/v2\/product\/7235","targetHints":{"allow":["GET"]}}],"collection":[{"href":"https:\/\/erbeticino.ch\/de\/wp-json\/wp\/v2\/product"}],"about":[{"href":"https:\/\/erbeticino.ch\/de\/wp-json\/wp\/v2\/types\/product"}],"replies":[{"embeddable":true,"href":"https:\/\/erbeticino.ch\/de\/wp-json\/wp\/v2\/comments?post=7235"}],"wp:featuredmedia":[{"embeddable":true,"href":"https:\/\/erbeticino.ch\/de\/wp-json\/wp\/v2\/media\/9732"}],"wp:attachment":[{"href":"https:\/\/erbeticino.ch\/de\/wp-json\/wp\/v2\/media?parent=7235"}],"wp:term":[{"taxonomy":"product_brand","embeddable":true,"href":"https:\/\/erbeticino.ch\/de\/wp-json\/wp\/v2\/product_brand?post=7235"},{"taxonomy":"product_cat","embeddable":true,"href":"https:\/\/erbeticino.ch\/de\/wp-json\/wp\/v2\/product_cat?post=7235"},{"taxonomy":"product_tag","embeddable":true,"href":"https:\/\/erbeticino.ch\/de\/wp-json\/wp\/v2\/product_tag?post=7235"}],"curies":[{"name":"wp","href":"https:\/\/api.w.org\/{rel}","templated":true}]}}