{"id":7289,"date":"2021-07-15T16:36:51","date_gmt":"2021-07-20T14:56:35","guid":{"rendered":"https:\/\/erbeticino.ch\/grembiule-da-cucina\/"},"modified":"2022-04-26T13:53:27","modified_gmt":"2022-04-26T11:53:27","slug":"kuchenschurze","status":"publish","type":"product","link":"https:\/\/erbeticino.ch\/de\/kuchenschurze\/","title":{"rendered":"K\u00fcchensch\u00fcrze"},"content":{"rendered":"<p>Eine praktische K\u00fcchensch\u00fcrze, die nichts dem Zufall \u00fcberl\u00e4sst: aus 100 % Baumwolle, langlebig und attraktiv, mit Fronttaschen f\u00fcr K\u00fcchenutensilien und Arbeitsmaterialien. Es wird mit einem verstellbaren Kunstlederband um den Hals getragen und an der H\u00fcfte mit einer Metallschnalle geschlossen. Geeignet f\u00fcr alle Gr\u00f6\u00dfen, elegant und funktional.<\/p>\n","protected":false},"excerpt":{"rendered":"<p>K\u00fcchensch\u00fcrze aus 100 % Baumwolle, verstellbar an Hals und Taille mit Kunstlederband und Metallschnalle.<\/p>\n","protected":false},"featured_media":7319,"comment_status":"open","ping_status":"closed","template":"","meta":[],"product_brand":[],"product_cat":[89,133],"product_tag":[206,205,207,228],"class_list":{"0":"post-7289","1":"product","2":"type-product","3":"status-publish","4":"has-post-thumbnail","6":"product_cat-geschenkideen","7":"product_cat-zubehor","8":"product_tag-cucina-de","9":"product_tag-grembiule-de","10":"product_tag-griglia-de","11":"product_tag-weihnachten21","13":"first","14":"outofstock","15":"taxable","16":"shipping-taxable","17":"purchasable","18":"product-type-simple"},"_links":{"self":[{"href":"https:\/\/erbeticino.ch\/de\/wp-json\/wp\/v2\/product\/7289","targetHints":{"allow":["GET"]}}],"collection":[{"href":"https:\/\/erbeticino.ch\/de\/wp-json\/wp\/v2\/product"}],"about":[{"href":"https:\/\/erbeticino.ch\/de\/wp-json\/wp\/v2\/types\/product"}],"replies":[{"embeddable":true,"href":"https:\/\/erbeticino.ch\/de\/wp-json\/wp\/v2\/comments?post=7289"}],"wp:featuredmedia":[{"embeddable":true,"href":"https:\/\/erbeticino.ch\/de\/wp-json\/wp\/v2\/media\/7319"}],"wp:attachment":[{"href":"https:\/\/erbeticino.ch\/de\/wp-json\/wp\/v2\/media?parent=7289"}],"wp:term":[{"taxonomy":"product_brand","embeddable":true,"href":"https:\/\/erbeticino.ch\/de\/wp-json\/wp\/v2\/product_brand?post=7289"},{"taxonomy":"product_cat","embeddable":true,"href":"https:\/\/erbeticino.ch\/de\/wp-json\/wp\/v2\/product_cat?post=7289"},{"taxonomy":"product_tag","embeddable":true,"href":"https:\/\/erbeticino.ch\/de\/wp-json\/wp\/v2\/product_tag?post=7289"}],"curies":[{"name":"wp","href":"https:\/\/api.w.org\/{rel}","templated":true}]}}