{"id":7669,"date":"2021-06-03T15:16:50","date_gmt":"2021-08-19T07:46:39","guid":{"rendered":"https:\/\/erbeticino.ch\/trio-gewuerzdose\/"},"modified":"2021-08-19T09:46:39","modified_gmt":"2021-08-19T07:46:39","slug":"trio-box-gewurzdose","status":"publish","type":"product","link":"https:\/\/erbeticino.ch\/de\/trio-box-gewurzdose\/","title":{"rendered":"Trio Gew\u00fcrzdose"},"content":{"rendered":"<p>Dreierpackung Tessiner Gew\u00fcrze mit Kr\u00e4utermischung, Tessiner Chili und Feinsalz Kr\u00e4uter und Blumen.<\/p>\n","protected":false},"excerpt":{"rendered":"<p>Dreierpackung Tessiner Gew\u00fcrze mit Kr\u00e4utermischung, Tessiner Chili und Feinsalz Kr\u00e4uter und Blumen.<\/p>\n","protected":false},"featured_media":7820,"comment_status":"closed","ping_status":"closed","template":"","meta":[],"product_brand":[],"product_cat":[114,89],"product_tag":[136,396,393,159],"class_list":{"0":"post-7669","1":"product","2":"type-product","3":"status-publish","4":"has-post-thumbnail","6":"product_cat-aromen-und-salz","7":"product_cat-geschenkideen","8":"product_tag-geschenkideen","9":"product_tag-natale24-de","10":"product_tag-promopage-de","11":"product_tag-tessiner-gewurze","13":"first","14":"instock","15":"taxable","16":"shipping-taxable","17":"purchasable","18":"product-type-simple"},"_links":{"self":[{"href":"https:\/\/erbeticino.ch\/de\/wp-json\/wp\/v2\/product\/7669","targetHints":{"allow":["GET"]}}],"collection":[{"href":"https:\/\/erbeticino.ch\/de\/wp-json\/wp\/v2\/product"}],"about":[{"href":"https:\/\/erbeticino.ch\/de\/wp-json\/wp\/v2\/types\/product"}],"replies":[{"embeddable":true,"href":"https:\/\/erbeticino.ch\/de\/wp-json\/wp\/v2\/comments?post=7669"}],"wp:featuredmedia":[{"embeddable":true,"href":"https:\/\/erbeticino.ch\/de\/wp-json\/wp\/v2\/media\/7820"}],"wp:attachment":[{"href":"https:\/\/erbeticino.ch\/de\/wp-json\/wp\/v2\/media?parent=7669"}],"wp:term":[{"taxonomy":"product_brand","embeddable":true,"href":"https:\/\/erbeticino.ch\/de\/wp-json\/wp\/v2\/product_brand?post=7669"},{"taxonomy":"product_cat","embeddable":true,"href":"https:\/\/erbeticino.ch\/de\/wp-json\/wp\/v2\/product_cat?post=7669"},{"taxonomy":"product_tag","embeddable":true,"href":"https:\/\/erbeticino.ch\/de\/wp-json\/wp\/v2\/product_tag?post=7669"}],"curies":[{"name":"wp","href":"https:\/\/api.w.org\/{rel}","templated":true}]}}