{"id":8778,"date":"2021-10-25T14:31:47","date_gmt":"2021-11-19T10:45:43","guid":{"rendered":"https:\/\/erbeticino.ch\/tessiner-box\/"},"modified":"2021-11-19T11:45:44","modified_gmt":"2021-11-19T10:45:44","slug":"tessiner-box","status":"publish","type":"product","link":"https:\/\/erbeticino.ch\/de\/tessiner-box\/","title":{"rendered":"Tessiner box"},"content":{"rendered":"<p>Wir wollten \u00fcber uns hinauswachsen, um eine unwiderstehliche Versuchung zu schaffen: ein aussergew\u00f6hnlicher Tessiner Merlot, der &#8222;Cantastorie&#8220;, ein Samb\u00ec, das k\u00f6stliche Holunderbl\u00fctengetr\u00e4nk, eine steingemahlene Polenta aus der Bruzella-M\u00fchle im Muggio-Tal, unser beliebtes Castello-Gew\u00fcrzsalz, eine Tessiner Chilicreme, ein Olivone-Kr\u00e4utertee, eine Packung handwerklich hergestellter Kekse &#8222;Dolce Tentazione&#8220; und zum Abschluss eine vegane Schokoladentafel von &#8222;Chocolat Stella&#8220; mit Haselnusscreme.<\/p>\n<p>Ein unwiederholbares Angebot zu einem exklusiven Preis, der f\u00fcr alle Ferien von November bis Januar gilt.<\/p>\n","protected":false},"excerpt":{"rendered":"<p>Eine umfassende und raffinierte Auswahl: 1 Tessiner Merlotwein, 1 Samb\u00ec, 1 polenta, 1 Sale del castello, 1 Tessiner Chilicreme, 1 Tisana Olivone, 1 Handgemachtes Geb\u00e4ck und 1 Schokoladentafel<\/p>\n","protected":false},"featured_media":8435,"comment_status":"open","ping_status":"closed","template":"","meta":[],"product_brand":[],"product_cat":[89],"product_tag":[229,107,234,235,230,157,231,236,232,228,233],"class_list":{"0":"post-8778","1":"product","2":"type-product","3":"status-publish","4":"has-post-thumbnail","6":"product_cat-geschenkideen","7":"product_tag-handgemachtes-geback","8":"product_tag-krautertee","9":"product_tag-merlot-de","10":"product_tag-polenta-de","11":"product_tag-pralinen","12":"product_tag-salz","13":"product_tag-sambi-de","14":"product_tag-schokolade","15":"product_tag-tessiner-chilicreme","16":"product_tag-weihnachten21","17":"product_tag-wein","19":"first","20":"outofstock","21":"taxable","22":"shipping-taxable","23":"purchasable","24":"product-type-simple"},"_links":{"self":[{"href":"https:\/\/erbeticino.ch\/de\/wp-json\/wp\/v2\/product\/8778","targetHints":{"allow":["GET"]}}],"collection":[{"href":"https:\/\/erbeticino.ch\/de\/wp-json\/wp\/v2\/product"}],"about":[{"href":"https:\/\/erbeticino.ch\/de\/wp-json\/wp\/v2\/types\/product"}],"replies":[{"embeddable":true,"href":"https:\/\/erbeticino.ch\/de\/wp-json\/wp\/v2\/comments?post=8778"}],"wp:featuredmedia":[{"embeddable":true,"href":"https:\/\/erbeticino.ch\/de\/wp-json\/wp\/v2\/media\/8435"}],"wp:attachment":[{"href":"https:\/\/erbeticino.ch\/de\/wp-json\/wp\/v2\/media?parent=8778"}],"wp:term":[{"taxonomy":"product_brand","embeddable":true,"href":"https:\/\/erbeticino.ch\/de\/wp-json\/wp\/v2\/product_brand?post=8778"},{"taxonomy":"product_cat","embeddable":true,"href":"https:\/\/erbeticino.ch\/de\/wp-json\/wp\/v2\/product_cat?post=8778"},{"taxonomy":"product_tag","embeddable":true,"href":"https:\/\/erbeticino.ch\/de\/wp-json\/wp\/v2\/product_tag?post=8778"}],"curies":[{"name":"wp","href":"https:\/\/api.w.org\/{rel}","templated":true}]}}