{"id":8781,"date":"2021-10-25T14:38:02","date_gmt":"2021-11-19T10:59:17","guid":{"rendered":"https:\/\/erbeticino.ch\/der-aperitif\/"},"modified":"2021-11-19T11:59:19","modified_gmt":"2021-11-19T10:59:19","slug":"der-aperitif","status":"publish","type":"product","link":"https:\/\/erbeticino.ch\/de\/der-aperitif\/","title":{"rendered":"Der Aperitif"},"content":{"rendered":"<p>Das Ritual des Aperitifs kennt keine Jahreszeiten, und mit der Ankunft des kalten Wetters dachten wir, dass wir die Geister mit einigen k\u00f6stlichen Aromen aufw\u00e4rmen k\u00f6nnten. Eine Flasche Samb\u00ec, das k\u00f6stliche prickelnde Holunderbl\u00fctengetr\u00e4nk, eine Flasche Tisana Olivone, ein Glas mit lokalen Oliven in Salzlake und unsere neue Tessiner Chilicreme.<br \/>\nUnd wo sollen die Snacks serviert werden? Einfach: auf der h\u00f6chst originellen Glasflasche.<\/p>\n","protected":false},"excerpt":{"rendered":"<p>Eine Flasche Samb\u00ec, das k\u00f6stliche prickelnde Holunderbl\u00fctengetr\u00e4nk, eine Flasche Tisana Olivone, ein Glas mit lokalen Oliven in Salzlake und unsere neue Tessiner Chilicreme.<\/p>\n","protected":false},"featured_media":8432,"comment_status":"open","ping_status":"closed","template":"","meta":[],"product_brand":[],"product_cat":[89],"product_tag":[153,115,91,107,246,231,232,228],"class_list":{"0":"post-8781","1":"product","2":"type-product","3":"status-publish","4":"has-post-thumbnail","6":"product_cat-geschenkideen","7":"product_tag-blumen","8":"product_tag-chilischotte","9":"product_tag-flasche","10":"product_tag-krautertee","11":"product_tag-oliven","12":"product_tag-sambi-de","13":"product_tag-tessiner-chilicreme","14":"product_tag-weihnachten21","16":"first","17":"outofstock","18":"taxable","19":"shipping-taxable","20":"purchasable","21":"product-type-simple"},"_links":{"self":[{"href":"https:\/\/erbeticino.ch\/de\/wp-json\/wp\/v2\/product\/8781","targetHints":{"allow":["GET"]}}],"collection":[{"href":"https:\/\/erbeticino.ch\/de\/wp-json\/wp\/v2\/product"}],"about":[{"href":"https:\/\/erbeticino.ch\/de\/wp-json\/wp\/v2\/types\/product"}],"replies":[{"embeddable":true,"href":"https:\/\/erbeticino.ch\/de\/wp-json\/wp\/v2\/comments?post=8781"}],"wp:featuredmedia":[{"embeddable":true,"href":"https:\/\/erbeticino.ch\/de\/wp-json\/wp\/v2\/media\/8432"}],"wp:attachment":[{"href":"https:\/\/erbeticino.ch\/de\/wp-json\/wp\/v2\/media?parent=8781"}],"wp:term":[{"taxonomy":"product_brand","embeddable":true,"href":"https:\/\/erbeticino.ch\/de\/wp-json\/wp\/v2\/product_brand?post=8781"},{"taxonomy":"product_cat","embeddable":true,"href":"https:\/\/erbeticino.ch\/de\/wp-json\/wp\/v2\/product_cat?post=8781"},{"taxonomy":"product_tag","embeddable":true,"href":"https:\/\/erbeticino.ch\/de\/wp-json\/wp\/v2\/product_tag?post=8781"}],"curies":[{"name":"wp","href":"https:\/\/api.w.org\/{rel}","templated":true}]}}