{"id":8807,"date":"2021-10-22T12:21:35","date_gmt":"2021-11-19T11:39:53","guid":{"rendered":"https:\/\/erbeticino.ch\/aromi-del-ticino-limitierte-auflage-mit-herz\/"},"modified":"2021-11-19T12:40:06","modified_gmt":"2021-11-19T11:40:06","slug":"aromi-del-ticino-limited-edition-con-cuore","status":"publish","type":"product","link":"https:\/\/erbeticino.ch\/de\/aromi-del-ticino-limited-edition-con-cuore\/","title":{"rendered":"Aromi del Ticino &#8211; Limitierte Auflage mit Herz"},"content":{"rendered":"<p>Eine Holzkiste mit drei Gl\u00e4sern mit: Feines Salz mit Kr\u00e4utern und Bl\u00fcten, Blumenmischung, Kr\u00e4utermischung. Eine originelle Geschenkidee f\u00fcr alle, die gerne kochen und nat\u00fcrliche Aromen lieben, die durch unsere Kr\u00e4uter noch verst\u00e4rkt werden.<\/p>\n","protected":false},"excerpt":{"rendered":"<p>Eine Holzkiste mit drei Gl\u00e4sern mit: Feines Salz mit Kr\u00e4utern und Bl\u00fcten, Blumenmischung, Kr\u00e4utermischung.<\/p>\n","protected":false},"featured_media":8441,"comment_status":"open","ping_status":"closed","template":"","meta":[],"product_brand":[],"product_cat":[89],"product_tag":[256,254,136,135,228],"class_list":{"0":"post-8807","1":"product","2":"type-product","3":"status-publish","4":"has-post-thumbnail","6":"product_cat-geschenkideen","7":"product_tag-box-de","8":"product_tag-geschenk","9":"product_tag-geschenkideen","10":"product_tag-holz","11":"product_tag-weihnachten21","13":"first","14":"outofstock","15":"taxable","16":"shipping-taxable","17":"purchasable","18":"product-type-simple"},"_links":{"self":[{"href":"https:\/\/erbeticino.ch\/de\/wp-json\/wp\/v2\/product\/8807","targetHints":{"allow":["GET"]}}],"collection":[{"href":"https:\/\/erbeticino.ch\/de\/wp-json\/wp\/v2\/product"}],"about":[{"href":"https:\/\/erbeticino.ch\/de\/wp-json\/wp\/v2\/types\/product"}],"replies":[{"embeddable":true,"href":"https:\/\/erbeticino.ch\/de\/wp-json\/wp\/v2\/comments?post=8807"}],"wp:featuredmedia":[{"embeddable":true,"href":"https:\/\/erbeticino.ch\/de\/wp-json\/wp\/v2\/media\/8441"}],"wp:attachment":[{"href":"https:\/\/erbeticino.ch\/de\/wp-json\/wp\/v2\/media?parent=8807"}],"wp:term":[{"taxonomy":"product_brand","embeddable":true,"href":"https:\/\/erbeticino.ch\/de\/wp-json\/wp\/v2\/product_brand?post=8807"},{"taxonomy":"product_cat","embeddable":true,"href":"https:\/\/erbeticino.ch\/de\/wp-json\/wp\/v2\/product_cat?post=8807"},{"taxonomy":"product_tag","embeddable":true,"href":"https:\/\/erbeticino.ch\/de\/wp-json\/wp\/v2\/product_tag?post=8807"}],"curies":[{"name":"wp","href":"https:\/\/api.w.org\/{rel}","templated":true}]}}