{"id":8812,"date":"2021-10-25T13:49:43","date_gmt":"2021-11-19T11:48:51","guid":{"rendered":"https:\/\/erbeticino.ch\/teezeit\/"},"modified":"2021-11-19T12:48:56","modified_gmt":"2021-11-19T11:48:56","slug":"teezeit","status":"publish","type":"product","link":"https:\/\/erbeticino.ch\/de\/teezeit\/","title":{"rendered":"Teezeit"},"content":{"rendered":"<p>&#8222;Willst du, dass wir gleich zu unserem Abenteuer aufbrechen?&#8220;, fragte Peter Pan, &#8222;oder m\u00f6chtest du lieber Tee trinken?&#8220; &#8222;Zuerst der Tee&#8220;, antwortete Wendy.<br \/>\n(Peter Pan)<\/p>\n<p>Was k\u00f6nnte entspannender sein als die Teezeit? Der Rauch, der aus der Tasse aufsteigt, ein L\u00f6ffel Honig zur Verw\u00f6hnung und Abrundung des Geschmacks und schlie\u00dflich eine s\u00fc\u00dfe Versuchung: unsere hausgemachten Kekse. Bleibt nur noch die Frage, ob man es jemandem schenkt oder sich selbst!<\/p>\n","protected":false},"excerpt":{"rendered":"<p>Unser loser Kr\u00e4utertee, ein Glas Honig und eine Packung hausgemachte Kekse. Ein unwiderstehliches Geschenk zum Verschenken oder Erhalten.<\/p>\n","protected":false},"featured_media":9327,"comment_status":"open","ping_status":"closed","template":"","meta":[],"product_brand":[],"product_cat":[89],"product_tag":[254,136,229,259,107,228],"class_list":{"0":"post-8812","1":"product","2":"type-product","3":"status-publish","4":"has-post-thumbnail","6":"product_cat-geschenkideen","7":"product_tag-geschenk","8":"product_tag-geschenkideen","9":"product_tag-handgemachtes-geback","10":"product_tag-honig","11":"product_tag-krautertee","12":"product_tag-weihnachten21","14":"first","15":"outofstock","16":"taxable","17":"shipping-taxable","18":"purchasable","19":"product-type-simple"},"_links":{"self":[{"href":"https:\/\/erbeticino.ch\/de\/wp-json\/wp\/v2\/product\/8812","targetHints":{"allow":["GET"]}}],"collection":[{"href":"https:\/\/erbeticino.ch\/de\/wp-json\/wp\/v2\/product"}],"about":[{"href":"https:\/\/erbeticino.ch\/de\/wp-json\/wp\/v2\/types\/product"}],"replies":[{"embeddable":true,"href":"https:\/\/erbeticino.ch\/de\/wp-json\/wp\/v2\/comments?post=8812"}],"wp:featuredmedia":[{"embeddable":true,"href":"https:\/\/erbeticino.ch\/de\/wp-json\/wp\/v2\/media\/9327"}],"wp:attachment":[{"href":"https:\/\/erbeticino.ch\/de\/wp-json\/wp\/v2\/media?parent=8812"}],"wp:term":[{"taxonomy":"product_brand","embeddable":true,"href":"https:\/\/erbeticino.ch\/de\/wp-json\/wp\/v2\/product_brand?post=8812"},{"taxonomy":"product_cat","embeddable":true,"href":"https:\/\/erbeticino.ch\/de\/wp-json\/wp\/v2\/product_cat?post=8812"},{"taxonomy":"product_tag","embeddable":true,"href":"https:\/\/erbeticino.ch\/de\/wp-json\/wp\/v2\/product_tag?post=8812"}],"curies":[{"name":"wp","href":"https:\/\/api.w.org\/{rel}","templated":true}]}}