{"id":8970,"date":"2021-11-26T12:49:00","date_gmt":"2021-11-26T11:49:00","guid":{"rendered":"https:\/\/erbeticino.ch\/tessiner-chilicreme\/"},"modified":"2022-10-25T14:16:13","modified_gmt":"2022-10-25T12:16:13","slug":"tessiner-chilicreme","status":"publish","type":"product","link":"https:\/\/erbeticino.ch\/de\/tessiner-chilicreme\/","title":{"rendered":"Tessiner Chilicreme"},"content":{"rendered":"<p>Wer h\u00e4tte gedacht, dass Chilis aus w\u00e4rmeren L\u00e4ndern noch besser schmecken, wenn sie im Tessin wachsen? Entdecken Sie den einzigartigen Geschmack und die umh\u00fcllende W\u00e4rme unserer Creme.<\/p>\n","protected":false},"excerpt":{"rendered":"<p>Einzigartiges Aroma und umh\u00fcllender Geschmack, Tessiner Chili in Sahne!<\/p>\n","protected":false},"featured_media":11569,"comment_status":"closed","ping_status":"closed","template":"","meta":[],"product_brand":[],"product_cat":[114],"product_tag":[115,232],"class_list":{"0":"post-8970","1":"product","2":"type-product","3":"status-publish","4":"has-post-thumbnail","6":"product_cat-aromen-und-salz","7":"product_tag-chilischotte","8":"product_tag-tessiner-chilicreme","10":"first","11":"instock","12":"taxable","13":"shipping-taxable","14":"purchasable","15":"product-type-simple"},"_links":{"self":[{"href":"https:\/\/erbeticino.ch\/de\/wp-json\/wp\/v2\/product\/8970","targetHints":{"allow":["GET"]}}],"collection":[{"href":"https:\/\/erbeticino.ch\/de\/wp-json\/wp\/v2\/product"}],"about":[{"href":"https:\/\/erbeticino.ch\/de\/wp-json\/wp\/v2\/types\/product"}],"replies":[{"embeddable":true,"href":"https:\/\/erbeticino.ch\/de\/wp-json\/wp\/v2\/comments?post=8970"}],"wp:featuredmedia":[{"embeddable":true,"href":"https:\/\/erbeticino.ch\/de\/wp-json\/wp\/v2\/media\/11569"}],"wp:attachment":[{"href":"https:\/\/erbeticino.ch\/de\/wp-json\/wp\/v2\/media?parent=8970"}],"wp:term":[{"taxonomy":"product_brand","embeddable":true,"href":"https:\/\/erbeticino.ch\/de\/wp-json\/wp\/v2\/product_brand?post=8970"},{"taxonomy":"product_cat","embeddable":true,"href":"https:\/\/erbeticino.ch\/de\/wp-json\/wp\/v2\/product_cat?post=8970"},{"taxonomy":"product_tag","embeddable":true,"href":"https:\/\/erbeticino.ch\/de\/wp-json\/wp\/v2\/product_tag?post=8970"}],"curies":[{"name":"wp","href":"https:\/\/api.w.org\/{rel}","templated":true}]}}