{"id":9143,"date":"2021-10-22T12:05:13","date_gmt":"2021-12-01T16:52:19","guid":{"rendered":"https:\/\/erbeticino.ch\/aromi-del-ticino-logo-stampato\/"},"modified":"2021-12-01T17:52:19","modified_gmt":"2021-12-01T16:52:19","slug":"aromi-del-ticino-logo-uffizielle","status":"publish","type":"product","link":"https:\/\/erbeticino.ch\/de\/aromi-del-ticino-logo-uffizielle\/","title":{"rendered":"Aromi del Ticino &#8211; Logo stampato"},"content":{"rendered":"<p>Eine Box aus Holz mit drei Gl\u00e4sern mit: Feinsalz mit Kr\u00e4utern und Bl\u00fcten, Kr\u00e4utermischung, Tessiner Chili. Eine originelle Geschenkidee f\u00fcr alle, die gerne kochen und nat\u00fcrliche Aromen lieben, die durch unsere Kr\u00e4uter noch verst\u00e4rkt werden.<\/p>\n","protected":false},"excerpt":{"rendered":"<p>Eine Box aus Holz mit drei Gl\u00e4sern mit: Feinsalz mit Kr\u00e4utern und Bl\u00fcten, Kr\u00e4utermischung, Tessiner Chili.<\/p>\n","protected":false},"featured_media":8411,"comment_status":"open","ping_status":"closed","template":"","meta":[],"product_brand":[],"product_cat":[89],"product_tag":[256,254,136,135,228],"class_list":{"0":"post-9143","1":"product","2":"type-product","3":"status-publish","4":"has-post-thumbnail","6":"product_cat-geschenkideen","7":"product_tag-box-de","8":"product_tag-geschenk","9":"product_tag-geschenkideen","10":"product_tag-holz","11":"product_tag-weihnachten21","13":"first","14":"outofstock","15":"taxable","16":"shipping-taxable","17":"purchasable","18":"product-type-simple"},"_links":{"self":[{"href":"https:\/\/erbeticino.ch\/de\/wp-json\/wp\/v2\/product\/9143","targetHints":{"allow":["GET"]}}],"collection":[{"href":"https:\/\/erbeticino.ch\/de\/wp-json\/wp\/v2\/product"}],"about":[{"href":"https:\/\/erbeticino.ch\/de\/wp-json\/wp\/v2\/types\/product"}],"replies":[{"embeddable":true,"href":"https:\/\/erbeticino.ch\/de\/wp-json\/wp\/v2\/comments?post=9143"}],"wp:featuredmedia":[{"embeddable":true,"href":"https:\/\/erbeticino.ch\/de\/wp-json\/wp\/v2\/media\/8411"}],"wp:attachment":[{"href":"https:\/\/erbeticino.ch\/de\/wp-json\/wp\/v2\/media?parent=9143"}],"wp:term":[{"taxonomy":"product_brand","embeddable":true,"href":"https:\/\/erbeticino.ch\/de\/wp-json\/wp\/v2\/product_brand?post=9143"},{"taxonomy":"product_cat","embeddable":true,"href":"https:\/\/erbeticino.ch\/de\/wp-json\/wp\/v2\/product_cat?post=9143"},{"taxonomy":"product_tag","embeddable":true,"href":"https:\/\/erbeticino.ch\/de\/wp-json\/wp\/v2\/product_tag?post=9143"}],"curies":[{"name":"wp","href":"https:\/\/api.w.org\/{rel}","templated":true}]}}