{"id":9410,"date":"2021-12-03T13:08:47","date_gmt":"2021-12-21T07:57:15","guid":{"rendered":"https:\/\/erbeticino.ch\/chili-taralli\/"},"modified":"2021-12-21T08:57:18","modified_gmt":"2021-12-21T07:57:18","slug":"chili-taralli","status":"publish","type":"product","link":"https:\/\/erbeticino.ch\/de\/chili-taralli\/","title":{"rendered":"Chili taralli"},"content":{"rendered":"<p>Ein Hauch von Tessiner Feuer in diesen traditionell hergestellten Taralli. Unsere Chilischoten, unser Mehl, sind die beste Beilage zu Wurst und K\u00e4se als Vorspeise oder zum Abschluss einer Mahlzeit, aber auch ein k\u00f6stlicher Snack f\u00fcr Momente der V\u00f6llerei, die uns gl\u00fccklich machen.<\/p>\n","protected":false},"excerpt":{"rendered":"<p>Traditionelle Taralli mit Tessiner Chilischoten, lecker und schmackhaft.<\/p>\n","protected":false},"featured_media":9169,"comment_status":"open","ping_status":"closed","template":"","meta":[],"product_brand":[],"product_cat":[89],"product_tag":[115,272,253,228],"class_list":{"0":"post-9410","1":"product","2":"type-product","3":"status-publish","4":"has-post-thumbnail","6":"product_cat-geschenkideen","7":"product_tag-chilischotte","8":"product_tag-neue","9":"product_tag-taralli-de","10":"product_tag-weihnachten21","12":"first","13":"outofstock","14":"taxable","15":"shipping-taxable","16":"purchasable","17":"product-type-simple"},"_links":{"self":[{"href":"https:\/\/erbeticino.ch\/de\/wp-json\/wp\/v2\/product\/9410","targetHints":{"allow":["GET"]}}],"collection":[{"href":"https:\/\/erbeticino.ch\/de\/wp-json\/wp\/v2\/product"}],"about":[{"href":"https:\/\/erbeticino.ch\/de\/wp-json\/wp\/v2\/types\/product"}],"replies":[{"embeddable":true,"href":"https:\/\/erbeticino.ch\/de\/wp-json\/wp\/v2\/comments?post=9410"}],"wp:featuredmedia":[{"embeddable":true,"href":"https:\/\/erbeticino.ch\/de\/wp-json\/wp\/v2\/media\/9169"}],"wp:attachment":[{"href":"https:\/\/erbeticino.ch\/de\/wp-json\/wp\/v2\/media?parent=9410"}],"wp:term":[{"taxonomy":"product_brand","embeddable":true,"href":"https:\/\/erbeticino.ch\/de\/wp-json\/wp\/v2\/product_brand?post=9410"},{"taxonomy":"product_cat","embeddable":true,"href":"https:\/\/erbeticino.ch\/de\/wp-json\/wp\/v2\/product_cat?post=9410"},{"taxonomy":"product_tag","embeddable":true,"href":"https:\/\/erbeticino.ch\/de\/wp-json\/wp\/v2\/product_tag?post=9410"}],"curies":[{"name":"wp","href":"https:\/\/api.w.org\/{rel}","templated":true}]}}