{"id":9417,"date":"2021-12-03T13:03:29","date_gmt":"2021-12-21T08:12:33","guid":{"rendered":"https:\/\/erbeticino.ch\/verbena-kraeutertee-pyramiden\/"},"modified":"2021-12-21T09:12:35","modified_gmt":"2021-12-21T08:12:35","slug":"verbena-krautertee","status":"publish","type":"product","link":"https:\/\/erbeticino.ch\/de\/verbena-krautertee\/","title":{"rendered":"Verbena Kr\u00e4utertee &#8211; Pyramiden"},"content":{"rendered":"<p><strong>Verbena und Kornblume<\/strong><\/p>\n<p>Das Eisenkraut ist f\u00fcr seine stress- und entz\u00fcndungshemmenden Eigenschaften bekannt. Zusammen mit der Kornblume, die reich an abschwellenden und entz\u00fcndungshemmenden Substanzen, Flavonoiden und Antioxidantien ist, ist es der perfekte Kr\u00e4utertee, um sich selbst zu pflegen, warm und duftend, ein Kr\u00e4utertee zum Wohlf\u00fchlen.<\/p>\n","protected":false},"excerpt":{"rendered":"<p>Verbena und Kornblume Das Eisenkraut ist f\u00fcr seine stress- und entz\u00fcndungshemmenden Eigenschaften bekannt. Zusammen mit der Kornblume, die reich an abschwellenden und entz\u00fcndungshemmenden Substanzen, Flavonoiden und Antioxidantien ist, ist es der perfekte Kr\u00e4utertee, um sich selbst zu pflegen, warm und duftend, ein Kr\u00e4utertee zum Wohlf\u00fchlen.<\/p>\n","protected":false},"featured_media":9254,"comment_status":"open","ping_status":"closed","template":"","meta":[],"product_brand":[],"product_cat":[166],"product_tag":[108,272,268,280],"class_list":{"0":"post-9417","1":"product","2":"type-product","3":"status-publish","4":"has-post-thumbnail","6":"product_cat-krautertees","7":"product_tag-krautertees","8":"product_tag-neue","9":"product_tag-pyramiden","10":"product_tag-verbena-de","12":"first","13":"outofstock","14":"taxable","15":"shipping-taxable","16":"purchasable","17":"product-type-simple"},"_links":{"self":[{"href":"https:\/\/erbeticino.ch\/de\/wp-json\/wp\/v2\/product\/9417","targetHints":{"allow":["GET"]}}],"collection":[{"href":"https:\/\/erbeticino.ch\/de\/wp-json\/wp\/v2\/product"}],"about":[{"href":"https:\/\/erbeticino.ch\/de\/wp-json\/wp\/v2\/types\/product"}],"replies":[{"embeddable":true,"href":"https:\/\/erbeticino.ch\/de\/wp-json\/wp\/v2\/comments?post=9417"}],"wp:featuredmedia":[{"embeddable":true,"href":"https:\/\/erbeticino.ch\/de\/wp-json\/wp\/v2\/media\/9254"}],"wp:attachment":[{"href":"https:\/\/erbeticino.ch\/de\/wp-json\/wp\/v2\/media?parent=9417"}],"wp:term":[{"taxonomy":"product_brand","embeddable":true,"href":"https:\/\/erbeticino.ch\/de\/wp-json\/wp\/v2\/product_brand?post=9417"},{"taxonomy":"product_cat","embeddable":true,"href":"https:\/\/erbeticino.ch\/de\/wp-json\/wp\/v2\/product_cat?post=9417"},{"taxonomy":"product_tag","embeddable":true,"href":"https:\/\/erbeticino.ch\/de\/wp-json\/wp\/v2\/product_tag?post=9417"}],"curies":[{"name":"wp","href":"https:\/\/api.w.org\/{rel}","templated":true}]}}