{"id":9422,"date":"2021-12-03T12:49:02","date_gmt":"2021-12-21T08:42:47","guid":{"rendered":"https:\/\/erbeticino.ch\/entspannungs-kraeutertee-pyramiden\/"},"modified":"2021-12-21T09:42:51","modified_gmt":"2021-12-21T08:42:51","slug":"tisana-relax-piramidi","status":"publish","type":"product","link":"https:\/\/erbeticino.ch\/de\/tisana-relax-piramidi\/","title":{"rendered":"Entspannungs-Kr\u00e4utertee &#8211; Pyramiden"},"content":{"rendered":"<p><strong>Zitronenmelisse, Zitrusminze, Alcemilla, Malve, Menthol, Ringelblume<\/strong><\/p>\n<p>Manchmal braucht man einfach nur einen Moment f\u00fcr sich selbst. F\u00fcr diese wohlverdienten Momente gibt es unseren Relax-Kr\u00e4utertee. S\u00fc\u00dfe und entspannende Noten, die Ihnen helfen, sich einen pers\u00f6nlichen Freiraum zu schaffen und einen einzigartigen und harmonischen Kr\u00e4utertee zu genie\u00dfen.<\/p>\n","protected":false},"excerpt":{"rendered":"<p>S\u00fc\u00dfe und entspannende Noten, die Ihnen helfen, sich einen pers\u00f6nlichen Freiraum zu schaffen und einen einzigartigen und harmonischen Kr\u00e4utertee zu genie\u00dfen.<\/p>\n","protected":false},"featured_media":9257,"comment_status":"open","ping_status":"closed","template":"","meta":[],"product_brand":[],"product_cat":[166],"product_tag":[108,272,268,282],"class_list":{"0":"post-9422","1":"product","2":"type-product","3":"status-publish","4":"has-post-thumbnail","6":"product_cat-krautertees","7":"product_tag-krautertees","8":"product_tag-neue","9":"product_tag-pyramiden","10":"product_tag-relax-de","12":"first","13":"outofstock","14":"taxable","15":"shipping-taxable","16":"purchasable","17":"product-type-simple"},"_links":{"self":[{"href":"https:\/\/erbeticino.ch\/de\/wp-json\/wp\/v2\/product\/9422","targetHints":{"allow":["GET"]}}],"collection":[{"href":"https:\/\/erbeticino.ch\/de\/wp-json\/wp\/v2\/product"}],"about":[{"href":"https:\/\/erbeticino.ch\/de\/wp-json\/wp\/v2\/types\/product"}],"replies":[{"embeddable":true,"href":"https:\/\/erbeticino.ch\/de\/wp-json\/wp\/v2\/comments?post=9422"}],"wp:featuredmedia":[{"embeddable":true,"href":"https:\/\/erbeticino.ch\/de\/wp-json\/wp\/v2\/media\/9257"}],"wp:attachment":[{"href":"https:\/\/erbeticino.ch\/de\/wp-json\/wp\/v2\/media?parent=9422"}],"wp:term":[{"taxonomy":"product_brand","embeddable":true,"href":"https:\/\/erbeticino.ch\/de\/wp-json\/wp\/v2\/product_brand?post=9422"},{"taxonomy":"product_cat","embeddable":true,"href":"https:\/\/erbeticino.ch\/de\/wp-json\/wp\/v2\/product_cat?post=9422"},{"taxonomy":"product_tag","embeddable":true,"href":"https:\/\/erbeticino.ch\/de\/wp-json\/wp\/v2\/product_tag?post=9422"}],"curies":[{"name":"wp","href":"https:\/\/api.w.org\/{rel}","templated":true}]}}