{"id":9649,"date":"2022-01-12T16:44:46","date_gmt":"2022-01-12T16:27:52","guid":{"rendered":"https:\/\/erbeticino.ch\/?post_type=product&#038;p=9649"},"modified":"2022-04-26T13:51:33","modified_gmt":"2022-04-26T11:51:33","slug":"box-detox-fur-geist-und-korper","status":"publish","type":"product","link":"https:\/\/erbeticino.ch\/de\/box-detox-fur-geist-und-korper\/","title":{"rendered":"Box Detox &#8211; F\u00fcr Geist und K\u00f6rper"},"content":{"rendered":"<p>Zum Wohlf\u00fchlen 2022. Helfen Sie Ihrem K\u00f6rper, sich dank der nat\u00fcrlichen Eigenschaften der Kr\u00e4uter zu entschlacken und reduzieren Sie dank der Kr\u00e4utermischung den Salzgehalt in Ihren Speisen.<\/p>\n","protected":false},"excerpt":{"rendered":"<p>Helfen Sie Ihrem K\u00f6rper, sich dank der nat\u00fcrlichen Eigenschaften der Kr\u00e4uter zu entschlacken.<\/p>\n","protected":false},"featured_media":9623,"comment_status":"open","ping_status":"closed","template":"","meta":[],"product_brand":[],"product_cat":[89],"product_tag":[307,272,109,308,268,280,228],"class_list":{"0":"post-9649","1":"product","2":"type-product","3":"status-publish","4":"has-post-thumbnail","6":"product_cat-geschenkideen","7":"product_tag-miscela-di-erbe-de","8":"product_tag-neue","9":"product_tag-olivone-de","10":"product_tag-olivone-0-de","11":"product_tag-pyramiden","12":"product_tag-verbena-de","13":"product_tag-weihnachten21","15":"first","16":"outofstock","17":"taxable","18":"shipping-taxable","19":"purchasable","20":"product-type-simple"},"_links":{"self":[{"href":"https:\/\/erbeticino.ch\/de\/wp-json\/wp\/v2\/product\/9649","targetHints":{"allow":["GET"]}}],"collection":[{"href":"https:\/\/erbeticino.ch\/de\/wp-json\/wp\/v2\/product"}],"about":[{"href":"https:\/\/erbeticino.ch\/de\/wp-json\/wp\/v2\/types\/product"}],"replies":[{"embeddable":true,"href":"https:\/\/erbeticino.ch\/de\/wp-json\/wp\/v2\/comments?post=9649"}],"wp:featuredmedia":[{"embeddable":true,"href":"https:\/\/erbeticino.ch\/de\/wp-json\/wp\/v2\/media\/9623"}],"wp:attachment":[{"href":"https:\/\/erbeticino.ch\/de\/wp-json\/wp\/v2\/media?parent=9649"}],"wp:term":[{"taxonomy":"product_brand","embeddable":true,"href":"https:\/\/erbeticino.ch\/de\/wp-json\/wp\/v2\/product_brand?post=9649"},{"taxonomy":"product_cat","embeddable":true,"href":"https:\/\/erbeticino.ch\/de\/wp-json\/wp\/v2\/product_cat?post=9649"},{"taxonomy":"product_tag","embeddable":true,"href":"https:\/\/erbeticino.ch\/de\/wp-json\/wp\/v2\/product_tag?post=9649"}],"curies":[{"name":"wp","href":"https:\/\/api.w.org\/{rel}","templated":true}]}}