{"id":9659,"date":"2022-01-12T16:36:25","date_gmt":"2022-01-12T16:34:50","guid":{"rendered":"https:\/\/erbeticino.ch\/?post_type=product&#038;p=9659"},"modified":"2022-04-26T13:51:53","modified_gmt":"2022-04-26T11:51:53","slug":"box-detox-neubeginn","status":"publish","type":"product","link":"https:\/\/erbeticino.ch\/de\/box-detox-neubeginn\/","title":{"rendered":"Box Detox &#8211; Neubeginn"},"content":{"rendered":"<p style=\"font-weight: 400;\">Zeit f\u00fcr sich selbst, Zeit, um sich zu lieben und zu pflegen. &#8222;Neubeginn&#8220; ist das, was Sie brauchen.<\/p>\n<p style=\"font-weight: 400;\">Eine gl\u00e4serne Thermos f\u00fcr die Zubereitung einer warmen Tasse Kr\u00e4utertee, die mehrmals am Tag getrunken werden kann, der brandneue Tisana Olivone zero, der die ganze Frische von Tisana Olivone bietet, jedoch ohne Zucker, und schlie\u00dflich die Kr\u00e4utermischung, um den Salzkonsum zu reduzieren und gleichzeitig einen k\u00f6stlichen Geschmack zu erhalten.<\/p>\n","protected":false},"excerpt":{"rendered":"<p>Zeit f\u00fcr sich selbst, Zeit, um sich zu lieben und zu pflegen. &#8222;Neubeginn&#8220; ist das, was Sie brauchen.<\/p>\n","protected":false},"featured_media":9626,"comment_status":"open","ping_status":"closed","template":"","meta":[],"product_brand":[],"product_cat":[89],"product_tag":[307,272,109,308,268,92,310,280,228],"class_list":{"0":"post-9659","1":"product","2":"type-product","3":"status-publish","4":"has-post-thumbnail","6":"product_cat-geschenkideen","7":"product_tag-miscela-di-erbe-de","8":"product_tag-neue","9":"product_tag-olivone-de","10":"product_tag-olivone-0-de","11":"product_tag-pyramiden","12":"product_tag-thermos-de","13":"product_tag-tisana-benessere-de","14":"product_tag-verbena-de","15":"product_tag-weihnachten21","17":"first","18":"outofstock","19":"taxable","20":"shipping-taxable","21":"purchasable","22":"product-type-simple"},"_links":{"self":[{"href":"https:\/\/erbeticino.ch\/de\/wp-json\/wp\/v2\/product\/9659","targetHints":{"allow":["GET"]}}],"collection":[{"href":"https:\/\/erbeticino.ch\/de\/wp-json\/wp\/v2\/product"}],"about":[{"href":"https:\/\/erbeticino.ch\/de\/wp-json\/wp\/v2\/types\/product"}],"replies":[{"embeddable":true,"href":"https:\/\/erbeticino.ch\/de\/wp-json\/wp\/v2\/comments?post=9659"}],"wp:featuredmedia":[{"embeddable":true,"href":"https:\/\/erbeticino.ch\/de\/wp-json\/wp\/v2\/media\/9626"}],"wp:attachment":[{"href":"https:\/\/erbeticino.ch\/de\/wp-json\/wp\/v2\/media?parent=9659"}],"wp:term":[{"taxonomy":"product_brand","embeddable":true,"href":"https:\/\/erbeticino.ch\/de\/wp-json\/wp\/v2\/product_brand?post=9659"},{"taxonomy":"product_cat","embeddable":true,"href":"https:\/\/erbeticino.ch\/de\/wp-json\/wp\/v2\/product_cat?post=9659"},{"taxonomy":"product_tag","embeddable":true,"href":"https:\/\/erbeticino.ch\/de\/wp-json\/wp\/v2\/product_tag?post=9659"}],"curies":[{"name":"wp","href":"https:\/\/api.w.org\/{rel}","templated":true}]}}