{"id":9716,"date":"2022-01-13T13:57:12","date_gmt":"2022-01-13T12:57:12","guid":{"rendered":"https:\/\/erbeticino.ch\/?post_type=product&#038;p=9716"},"modified":"2022-01-19T16:31:15","modified_gmt":"2022-01-19T15:31:15","slug":"olivone-zero-herbal-tea-pet-50cl","status":"publish","type":"product","link":"https:\/\/erbeticino.ch\/de\/olivone-zero-herbal-tea-pet-50cl\/","title":{"rendered":"Olivone Zero Herbal Tea &#8211; PET &#8211; 50cl"},"content":{"rendered":"<p><strong>Zitronenmelisse, Lippia, Minze und Salbei. Mit Zitronensaft<\/strong><\/p>\n<p>Die ganze G\u00fcte und Frische des Olivone-Kr\u00e4utertees, aber ohne Zuckerzusatz.<\/p>\n<p>Praktische 50-cl-PET-Flasche, um ein gesundes, verdauungsf\u00f6rderndes, erfrischendes, nat\u00fcrliches und biologisches Getr\u00e4nk immer bei sich zu haben. Hergestellt aus Kr\u00e4utern, die nach traditionellen Methoden angebaut, geerntet und getrocknet werden, um die \u00e4therischen \u00d6le, das Aroma und den Geschmack der frischen Pflanze zu erhalten. Hergestellt aus Kr\u00e4utern, die nach traditionellen Methoden angebaut, geerntet und getrocknet werden, um die \u00e4therischen \u00d6le, das Aroma und den Geschmack der frischen Pflanze zu bewahren.<\/p>\n","protected":false},"excerpt":{"rendered":"<p>Die ganze G\u00fcte und Frische des Olivone-Kr\u00e4utertees, aber ohne Zuckerzusatz.<\/p>\n","protected":false},"featured_media":9634,"comment_status":"closed","ping_status":"closed","template":"","meta":[],"product_brand":[],"product_cat":[106,390],"product_tag":[107,109,308],"class_list":{"0":"post-9716","1":"product","2":"type-product","3":"status-publish","4":"has-post-thumbnail","6":"product_cat-getranke","7":"product_cat-angebote","8":"product_tag-krautertee","9":"product_tag-olivone-de","10":"product_tag-olivone-0-de","12":"first","13":"instock","14":"taxable","15":"shipping-taxable","16":"purchasable","17":"product-type-simple"},"_links":{"self":[{"href":"https:\/\/erbeticino.ch\/de\/wp-json\/wp\/v2\/product\/9716","targetHints":{"allow":["GET"]}}],"collection":[{"href":"https:\/\/erbeticino.ch\/de\/wp-json\/wp\/v2\/product"}],"about":[{"href":"https:\/\/erbeticino.ch\/de\/wp-json\/wp\/v2\/types\/product"}],"replies":[{"embeddable":true,"href":"https:\/\/erbeticino.ch\/de\/wp-json\/wp\/v2\/comments?post=9716"}],"wp:featuredmedia":[{"embeddable":true,"href":"https:\/\/erbeticino.ch\/de\/wp-json\/wp\/v2\/media\/9634"}],"wp:attachment":[{"href":"https:\/\/erbeticino.ch\/de\/wp-json\/wp\/v2\/media?parent=9716"}],"wp:term":[{"taxonomy":"product_brand","embeddable":true,"href":"https:\/\/erbeticino.ch\/de\/wp-json\/wp\/v2\/product_brand?post=9716"},{"taxonomy":"product_cat","embeddable":true,"href":"https:\/\/erbeticino.ch\/de\/wp-json\/wp\/v2\/product_cat?post=9716"},{"taxonomy":"product_tag","embeddable":true,"href":"https:\/\/erbeticino.ch\/de\/wp-json\/wp\/v2\/product_tag?post=9716"}],"curies":[{"name":"wp","href":"https:\/\/api.w.org\/{rel}","templated":true}]}}