{"id":9774,"date":"2022-01-19T12:23:24","date_gmt":"2022-08-08T15:19:49","guid":{"rendered":"https:\/\/erbeticino.ch\/?post_type=product&#038;p=9774"},"modified":"2022-08-08T17:19:50","modified_gmt":"2022-08-08T15:19:50","slug":"il-piacere-del-te","status":"publish","type":"product","link":"https:\/\/erbeticino.ch\/de\/il-piacere-del-te\/","title":{"rendered":"Der Genuss von Tee"},"content":{"rendered":"<p>Es gibt keinen besseren Zeitpunkt, um die Freude am Zusammensein und am Plaudern bei einer dampfenden Tasse Kr\u00e4utertee wiederzuentdecken. Um diesen uralten Genuss wiederzuentdecken, bieten wir eine Auswahl von drei Kr\u00e4utertees an: Olivone-Kr\u00e4utertee, der sich hervorragend als Verdauungstee eignet, Verbena-Kr\u00e4utertee mit entz\u00fcndungshemmenden Eigenschaften und Relax-Kr\u00e4utertee, um sich nach einem anstrengenden Tag zu verw\u00f6hnen oder den Stress des Tages abzubauen.<\/p>\n<p>Und f\u00fcr alle, die es etwas s\u00fc\u00dfer m\u00f6gen, ist der Bio-Honig von Azienda Agricola Bianchi die perfekte Erg\u00e4nzung zu unseren Kr\u00e4utertees.<\/p>\n","protected":false},"excerpt":{"rendered":"<p>Bieten wir eine Auswahl von drei Kr\u00e4utertees an: Olivone-Kr\u00e4utertee, der sich hervorragend als Verdauungstee eignet, Verbena-Kr\u00e4utertee mit entz\u00fcndungshemmenden Eigenschaften und Relax-Kr\u00e4utertee, um sich nach einem anstrengenden Tag zu verw\u00f6hnen oder den Stress des Tages abzubauen.<\/p>\n","protected":false},"featured_media":9613,"comment_status":"open","ping_status":"closed","template":"","meta":[],"product_brand":[],"product_cat":[89],"product_tag":[319,317,318,259,272,109,268,282,280],"class_list":{"0":"post-9774","1":"product","2":"type-product","3":"status-publish","4":"has-post-thumbnail","6":"product_cat-geschenkideen","7":"product_tag-bianchi-de","8":"product_tag-bio-de","9":"product_tag-biologisch","10":"product_tag-honig","11":"product_tag-neue","12":"product_tag-olivone-de","13":"product_tag-pyramiden","14":"product_tag-relax-de","15":"product_tag-verbena-de","17":"first","18":"outofstock","19":"sale","20":"taxable","21":"shipping-taxable","22":"purchasable","23":"product-type-simple"},"_links":{"self":[{"href":"https:\/\/erbeticino.ch\/de\/wp-json\/wp\/v2\/product\/9774","targetHints":{"allow":["GET"]}}],"collection":[{"href":"https:\/\/erbeticino.ch\/de\/wp-json\/wp\/v2\/product"}],"about":[{"href":"https:\/\/erbeticino.ch\/de\/wp-json\/wp\/v2\/types\/product"}],"replies":[{"embeddable":true,"href":"https:\/\/erbeticino.ch\/de\/wp-json\/wp\/v2\/comments?post=9774"}],"wp:featuredmedia":[{"embeddable":true,"href":"https:\/\/erbeticino.ch\/de\/wp-json\/wp\/v2\/media\/9613"}],"wp:attachment":[{"href":"https:\/\/erbeticino.ch\/de\/wp-json\/wp\/v2\/media?parent=9774"}],"wp:term":[{"taxonomy":"product_brand","embeddable":true,"href":"https:\/\/erbeticino.ch\/de\/wp-json\/wp\/v2\/product_brand?post=9774"},{"taxonomy":"product_cat","embeddable":true,"href":"https:\/\/erbeticino.ch\/de\/wp-json\/wp\/v2\/product_cat?post=9774"},{"taxonomy":"product_tag","embeddable":true,"href":"https:\/\/erbeticino.ch\/de\/wp-json\/wp\/v2\/product_tag?post=9774"}],"curies":[{"name":"wp","href":"https:\/\/api.w.org\/{rel}","templated":true}]}}