{"id":9820,"date":"2022-01-19T13:04:50","date_gmt":"2022-01-19T12:08:44","guid":{"rendered":"https:\/\/erbeticino.ch\/bio-kastanienhonig\/"},"modified":"2022-04-26T13:52:12","modified_gmt":"2022-04-26T11:52:12","slug":"bio-kastanienhonig","status":"publish","type":"product","link":"https:\/\/erbeticino.ch\/de\/bio-kastanienhonig\/","title":{"rendered":"Bio Kastanienhonig"},"content":{"rendered":"<p>Bio-Kastanienhonig von Azienda Agricol Bianchi, ideal zum S\u00fc\u00dfen einer Tasse hei\u00dfen Kr\u00e4utertees oder f\u00fcr den Sonntagsbrunch.<\/p>\n","protected":false},"excerpt":{"rendered":"<p>Ideal zum S\u00fc\u00dfen einer Tasse hei\u00dfen Kr\u00e4utertees oder f\u00fcr den Sonntagsbrunch.<\/p>\n","protected":false},"featured_media":9608,"comment_status":"closed","ping_status":"closed","template":"","meta":[],"product_brand":[],"product_cat":[166],"product_tag":[319,317,318,259,228],"class_list":{"0":"post-9820","1":"product","2":"type-product","3":"status-publish","4":"has-post-thumbnail","6":"product_cat-krautertees","7":"product_tag-bianchi-de","8":"product_tag-bio-de","9":"product_tag-biologisch","10":"product_tag-honig","11":"product_tag-weihnachten21","13":"first","14":"instock","15":"taxable","16":"shipping-taxable","17":"purchasable","18":"product-type-simple"},"_links":{"self":[{"href":"https:\/\/erbeticino.ch\/de\/wp-json\/wp\/v2\/product\/9820","targetHints":{"allow":["GET"]}}],"collection":[{"href":"https:\/\/erbeticino.ch\/de\/wp-json\/wp\/v2\/product"}],"about":[{"href":"https:\/\/erbeticino.ch\/de\/wp-json\/wp\/v2\/types\/product"}],"replies":[{"embeddable":true,"href":"https:\/\/erbeticino.ch\/de\/wp-json\/wp\/v2\/comments?post=9820"}],"wp:featuredmedia":[{"embeddable":true,"href":"https:\/\/erbeticino.ch\/de\/wp-json\/wp\/v2\/media\/9608"}],"wp:attachment":[{"href":"https:\/\/erbeticino.ch\/de\/wp-json\/wp\/v2\/media?parent=9820"}],"wp:term":[{"taxonomy":"product_brand","embeddable":true,"href":"https:\/\/erbeticino.ch\/de\/wp-json\/wp\/v2\/product_brand?post=9820"},{"taxonomy":"product_cat","embeddable":true,"href":"https:\/\/erbeticino.ch\/de\/wp-json\/wp\/v2\/product_cat?post=9820"},{"taxonomy":"product_tag","embeddable":true,"href":"https:\/\/erbeticino.ch\/de\/wp-json\/wp\/v2\/product_tag?post=9820"}],"curies":[{"name":"wp","href":"https:\/\/api.w.org\/{rel}","templated":true}]}}