{"id":9849,"date":"2022-01-19T14:39:49","date_gmt":"2022-08-08T15:19:44","guid":{"rendered":"https:\/\/erbeticino.ch\/?post_type=product&#038;p=9849"},"modified":"2022-08-08T17:19:45","modified_gmt":"2022-08-08T15:19:45","slug":"entspannender-kraeutertee","status":"publish","type":"product","link":"https:\/\/erbeticino.ch\/de\/entspannender-kraeutertee\/","title":{"rendered":"Entspannender Kr\u00e4utertee"},"content":{"rendered":"<p>Wir haben Blumen und Bl\u00e4tter sorgf\u00e4ltig gesammelt und getrocknet, um einzigartige Aufg\u00fcsse zu komponieren, die in eine Tasse mit kochendem Wasser getaucht werden. Lassen Sie sie ruhen und Sie werden das intensive und kostbare Bukett entdecken, das sie verstr\u00f6men. Gutes Relax.<\/p>\n","protected":false},"excerpt":{"rendered":"<p>Wir haben Blumen und Bl\u00e4tter sorgf\u00e4ltig gesammelt und getrocknet, um einzigartige Aufg\u00fcsse zu komponieren, die in eine Tasse mit kochendem Wasser getaucht werden.<\/p>\n","protected":false},"featured_media":9841,"comment_status":"open","ping_status":"closed","template":"","meta":[],"product_brand":[],"product_cat":[166],"product_tag":[107,324,313],"class_list":{"0":"post-9849","1":"product","2":"type-product","3":"status-publish","4":"has-post-thumbnail","6":"product_cat-krautertees","7":"product_tag-krautertee","8":"product_tag-masse","9":"product_tag-tisana-relax-de","11":"first","12":"outofstock","13":"taxable","14":"shipping-taxable","15":"purchasable","16":"product-type-simple"},"_links":{"self":[{"href":"https:\/\/erbeticino.ch\/de\/wp-json\/wp\/v2\/product\/9849","targetHints":{"allow":["GET"]}}],"collection":[{"href":"https:\/\/erbeticino.ch\/de\/wp-json\/wp\/v2\/product"}],"about":[{"href":"https:\/\/erbeticino.ch\/de\/wp-json\/wp\/v2\/types\/product"}],"replies":[{"embeddable":true,"href":"https:\/\/erbeticino.ch\/de\/wp-json\/wp\/v2\/comments?post=9849"}],"wp:featuredmedia":[{"embeddable":true,"href":"https:\/\/erbeticino.ch\/de\/wp-json\/wp\/v2\/media\/9841"}],"wp:attachment":[{"href":"https:\/\/erbeticino.ch\/de\/wp-json\/wp\/v2\/media?parent=9849"}],"wp:term":[{"taxonomy":"product_brand","embeddable":true,"href":"https:\/\/erbeticino.ch\/de\/wp-json\/wp\/v2\/product_brand?post=9849"},{"taxonomy":"product_cat","embeddable":true,"href":"https:\/\/erbeticino.ch\/de\/wp-json\/wp\/v2\/product_cat?post=9849"},{"taxonomy":"product_tag","embeddable":true,"href":"https:\/\/erbeticino.ch\/de\/wp-json\/wp\/v2\/product_tag?post=9849"}],"curies":[{"name":"wp","href":"https:\/\/api.w.org\/{rel}","templated":true}]}}